{"id":18,"date":"2009-09-09T13:49:00","date_gmt":"2009-09-09T11:49:00","guid":{"rendered":"http:\/\/www.4-16.com\/wordpress\/?page_id=18"},"modified":"2009-09-10T14:38:38","modified_gmt":"2009-09-10T12:38:38","slug":"4-16-prod","status":"publish","type":"page","link":"http:\/\/www.4-16.com\/?page_id=18","title":{"rendered":"4-16 Prod"},"content":{"rendered":"<p style=\"text-align: center;\"><img loading=\"lazy\" decoding=\"async\" class=\"size-medium wp-image-75 aligncenter\" title=\"4-16\" src=\"http:\/\/www.4-16.com\/wordpress\/wp-content\/uploads\/2009\/09\/4-16-300x51.jpg\" alt=\"4-16\" width=\"300\" height=\"51\" srcset=\"http:\/\/www.4-16.com\/wordpress\/wp-content\/uploads\/2009\/09\/4-16-300x51.jpg 300w, http:\/\/www.4-16.com\/wordpress\/wp-content\/uploads\/2009\/09\/4-16.jpg 594w\" sizes=\"auto, (max-width: 300px) 100vw, 300px\" \/><\/p>\n<p style=\"text-align: justify;\">4-16 prod fut une banni\u00e8re pour un petit groupe de gens pendant de nombreuses ann\u00e9es. D&rsquo;abord utilis\u00e9 comme contraction de 4 Saisons Productions, 4-16 devient bient\u00f4t le nom d&rsquo;un petit collectif de techniciens et de cin\u00e9astes en herbe. Des dizaines de petits courts m\u00e9trages amateurs naissent le temps d&rsquo;une soir\u00e9e entre amis, mais l&rsquo;envie de se professionnaliser est l\u00e0. Le collectif devient association puis petite Sarl. 4-16 produit alors essentiellement les films de ses deux r\u00e9alisateurs, Sid&amp;Lacombe, mais f\u00e9d\u00e8re un nombre cons\u00e9quent de techniciens. La tentation est grande de passer \u00e0 la vitesse sup\u00e9rieure mais il fut finalement d\u00e9cid\u00e9 il y&rsquo;a maintenant 2 ou 3 ans de mettre 4-16 en sommeil en attendant d&rsquo;autres projets. Restent les films produits pendant une p\u00e9riode de presque 10 ans.<\/p>\n","protected":false},"excerpt":{"rendered":"<p>4-16 prod fut une banni\u00e8re pour un petit groupe de gens pendant de nombreuses ann\u00e9es. D&rsquo;abord utilis\u00e9 comme contraction de 4 Saisons Productions, 4-16 devient bient\u00f4t le nom d&rsquo;un petit collectif de techniciens et de cin\u00e9astes en herbe. Des dizaines &hellip; <a href=\"http:\/\/www.4-16.com\/?page_id=18\">Continuer la lecture <span class=\"meta-nav\">&rarr;<\/span><\/a><\/p>\n","protected":false},"author":1,"featured_media":0,"parent":0,"menu_order":0,"comment_status":"open","ping_status":"open","template":"","meta":{"footnotes":""},"class_list":["post-18","page","type-page","status-publish","hentry"],"_links":{"self":[{"href":"http:\/\/www.4-16.com\/index.php?rest_route=\/wp\/v2\/pages\/18","targetHints":{"allow":["GET"]}}],"collection":[{"href":"http:\/\/www.4-16.com\/index.php?rest_route=\/wp\/v2\/pages"}],"about":[{"href":"http:\/\/www.4-16.com\/index.php?rest_route=\/wp\/v2\/types\/page"}],"author":[{"embeddable":true,"href":"http:\/\/www.4-16.com\/index.php?rest_route=\/wp\/v2\/users\/1"}],"replies":[{"embeddable":true,"href":"http:\/\/www.4-16.com\/index.php?rest_route=%2Fwp%2Fv2%2Fcomments&post=18"}],"version-history":[{"count":4,"href":"http:\/\/www.4-16.com\/index.php?rest_route=\/wp\/v2\/pages\/18\/revisions"}],"predecessor-version":[{"id":20,"href":"http:\/\/www.4-16.com\/index.php?rest_route=\/wp\/v2\/pages\/18\/revisions\/20"}],"wp:attachment":[{"href":"http:\/\/www.4-16.com\/index.php?rest_route=%2Fwp%2Fv2%2Fmedia&parent=18"}],"curies":[{"name":"wp","href":"https:\/\/api.w.org\/{rel}","templated":true}]}}