{"id":149,"date":"2010-09-28T17:53:48","date_gmt":"2010-09-28T15:53:48","guid":{"rendered":"http:\/\/www.4-16.com\/?page_id=149"},"modified":"2010-09-28T18:50:21","modified_gmt":"2010-09-28T16:50:21","slug":"forum","status":"publish","type":"page","link":"http:\/\/www.4-16.com\/?page_id=149","title":{"rendered":"Forum"},"content":{"rendered":"<p style=\"text-align: justify;\"><a href=\"http:\/\/www.4-16.com\/forum\" target=\"_self\"><img loading=\"lazy\" decoding=\"async\" class=\"alignnone size-full wp-image-153\" title=\"Sans titre-1\" src=\"http:\/\/www.4-16.com\/wordpress\/wp-content\/uploads\/2010\/09\/Sans-titre-1.png\" alt=\"\" width=\"480\" height=\"227\" srcset=\"http:\/\/www.4-16.com\/wordpress\/wp-content\/uploads\/2010\/09\/Sans-titre-1.png 480w, http:\/\/www.4-16.com\/wordpress\/wp-content\/uploads\/2010\/09\/Sans-titre-1-300x141.png 300w\" sizes=\"auto, (max-width: 480px) 100vw, 480px\" \/><br \/>\n<\/a><br \/>\nPendant des ann\u00e9es \u00e0 compter de l&rsquo;ann\u00e9e 2000, les \u00e9changes entre les diff\u00e9rents membres de 4-16 Prod se d\u00e9roul\u00e8rent sur un forum. Plus de 10 000 messages retra\u00e7ant l&rsquo;histoire de notre passion. Des archives souvent dr\u00f4les surtout quand on les regarde avec des ann\u00e9es de recul. Nos espoirs, nos lubies, nos d\u00e9lires d&rsquo;un jour, nos opinions et notre mauvaise foi permanente. Tout est l\u00e0.<\/p>\n<p style=\"text-align: justify;\">Mises de c\u00f4t\u00e9 mais jamais effac\u00e9es ces archives sont d\u00e9sormais disponibles au public et en libre\u00a0acc\u00e8s. Cerise sur le gateau, le forum est m\u00eame fonctionnel. Pour y acc\u00e9der, cliquer sur le lien suivant :<\/p>\n<h1 style=\"text-align: center;\"><a title=\"Forum 4-16 Prod\" href=\"http:\/\/www.4-16.com\/forum\" target=\"_self\">Acc\u00e9der au FORUM<\/a><\/h1>\n<p><a href=\"http:\/\/www.4-16.com\/forum\"><\/a><\/p>\n<p><a href=\"http:\/\/www.4-16.com\/forum\"><\/a><\/p>\n","protected":false},"excerpt":{"rendered":"<p>Pendant des ann\u00e9es \u00e0 compter de l&rsquo;ann\u00e9e 2000, les \u00e9changes entre les diff\u00e9rents membres de 4-16 Prod se d\u00e9roul\u00e8rent sur un forum. Plus de 10 000 messages retra\u00e7ant l&rsquo;histoire de notre passion. Des archives souvent dr\u00f4les surtout quand on les &hellip; <a href=\"http:\/\/www.4-16.com\/?page_id=149\">Continuer la lecture <span class=\"meta-nav\">&rarr;<\/span><\/a><\/p>\n","protected":false},"author":1,"featured_media":0,"parent":0,"menu_order":0,"comment_status":"open","ping_status":"open","template":"","meta":{"footnotes":""},"class_list":["post-149","page","type-page","status-publish","hentry"],"_links":{"self":[{"href":"http:\/\/www.4-16.com\/index.php?rest_route=\/wp\/v2\/pages\/149","targetHints":{"allow":["GET"]}}],"collection":[{"href":"http:\/\/www.4-16.com\/index.php?rest_route=\/wp\/v2\/pages"}],"about":[{"href":"http:\/\/www.4-16.com\/index.php?rest_route=\/wp\/v2\/types\/page"}],"author":[{"embeddable":true,"href":"http:\/\/www.4-16.com\/index.php?rest_route=\/wp\/v2\/users\/1"}],"replies":[{"embeddable":true,"href":"http:\/\/www.4-16.com\/index.php?rest_route=%2Fwp%2Fv2%2Fcomments&post=149"}],"version-history":[{"count":8,"href":"http:\/\/www.4-16.com\/index.php?rest_route=\/wp\/v2\/pages\/149\/revisions"}],"predecessor-version":[{"id":316,"href":"http:\/\/www.4-16.com\/index.php?rest_route=\/wp\/v2\/pages\/149\/revisions\/316"}],"wp:attachment":[{"href":"http:\/\/www.4-16.com\/index.php?rest_route=%2Fwp%2Fv2%2Fmedia&parent=149"}],"curies":[{"name":"wp","href":"https:\/\/api.w.org\/{rel}","templated":true}]}}